{"id":534,"date":"2019-11-10T10:21:10","date_gmt":"2019-11-10T10:21:10","guid":{"rendered":"http:\/\/turgayozgoz.com\/?page_id=534"},"modified":"2019-11-30T16:15:52","modified_gmt":"2019-11-30T16:15:52","slug":"doner-mil-keceleri","status":"publish","type":"page","link":"https:\/\/cntend.com.tr\/en\/doner-mil-keceleri\/","title":{"rendered":"D\u00d6NER M\u0130L KE\u00c7ELER\u0130"},"content":{"rendered":"<div class=\"fusion-fullwidth fullwidth-box fusion-builder-row-1 nonhundred-percent-fullwidth non-hundred-percent-height-scrolling\" style=\"background-color: #ffffff;background-position: center center;background-repeat: no-repeat;padding-top:0px;padding-right:0px;padding-bottom:0px;padding-left:0px;margin-bottom: 0px;margin-top: 0px;border-width: 0px 0px 0px 0px;border-color:#eae9e9;border-style:solid;\" ><div class=\"fusion-builder-row fusion-row\"><div class=\"fusion-layout-column fusion_builder_column fusion-builder-column-0 fusion_builder_column_1_1 1_1 fusion-one-full fusion-column-first fusion-column-last\" style=\"margin-top:0px;margin-bottom:20px;\"><div class=\"fusion-column-wrapper fusion-flex-column-wrapper-legacy\" style=\"background-position:left top;background-repeat:no-repeat;-webkit-background-size:cover;-moz-background-size:cover;-o-background-size:cover;background-size:cover;padding: 0px 0px 0px 0px;\">\n<table id=\"tablepress-47\" class=\"tablepress tablepress-id-47 tablepress-responsive\">\n<thead>\n<tr class=\"row-1 odd\">\n\t<th class=\"column-1\">PROFILE<\/th><th class=\"column-2\">TYPE<\/th><th class=\"column-3\">STANDARD MATERIAL<\/th><th class=\"column-4\">PRESSURE (bar)<\/th><th class=\"column-5\">TEMPERATURE (\u00b0c)<\/th><th class=\"column-6\">SLIP VELOCITY (m\/sn)<\/th>\n<\/tr>\n<\/thead>\n<tbody class=\"row-hover\">\n<tr class=\"row-2 even\">\n\t<td class=\"column-1\"><img decoding=\"async\" src=\"http:\/\/cntend.com.tr\/wp-content\/uploads\/2019\/11\/AA.jpg\" alt=\"\" width=\"100\" height=\"79\" class=\"alignnone size-full wp-image-805\"\/><\/td><td class=\"column-2\">A <br \/>\nA<\/td><td class=\"column-3\">NBR <br \/>\nFKM<\/td><td class=\"column-4\">0,5 <br \/>\n0,5<\/td><td class=\"column-5\">-20 \/120 <br \/>\n-20\/220<\/td><td class=\"column-6\">12 <br \/>\n40<\/td>\n<\/tr>\n<tr class=\"row-3 odd\">\n\t<td class=\"column-1\"><img decoding=\"async\" src=\"http:\/\/cntend.com.tr\/wp-content\/uploads\/2019\/11\/AS.jpg\" alt=\"\" width=\"100\" height=\"79\" class=\"alignnone size-full wp-image-805\"\/><\/td><td class=\"column-2\">AS <br \/>\nAS<\/td><td class=\"column-3\">NBR <br \/>\nFKM<\/td><td class=\"column-4\">0,5 <br \/>\n0,5<\/td><td class=\"column-5\">-20\/120 <br \/>\n-20\/220<\/td><td class=\"column-6\">12 <br \/>\n40<\/td>\n<\/tr>\n<tr class=\"row-4 even\">\n\t<td class=\"column-1\"><img decoding=\"async\" src=\"http:\/\/cntend.com.tr\/wp-content\/uploads\/2019\/11\/BB.jpg\" alt=\"\" width=\"100\" height=\"79\" class=\"alignnone size-full wp-image-805\"\/><\/td><td class=\"column-2\">B <br \/>\nB<\/td><td class=\"column-3\">NBR <br \/>\nFKM<\/td><td class=\"column-4\">0,5 <br \/>\n0,5<\/td><td class=\"column-5\">-20 \/120 <br \/>\n-20\/220<\/td><td class=\"column-6\">12 <br \/>\n40<\/td>\n<\/tr>\n<tr class=\"row-5 odd\">\n\t<td class=\"column-1\"><img decoding=\"async\" src=\"http:\/\/cntend.com.tr\/wp-content\/uploads\/2019\/11\/BS.jpg\" alt=\"\" width=\"100\" height=\"79\" class=\"alignnone size-full wp-image-805\"\/><\/td><td class=\"column-2\">BS <br \/>\nBS<\/td><td class=\"column-3\">NBR <br \/>\nFKM<\/td><td class=\"column-4\">0,5 <br \/>\n0,5<\/td><td class=\"column-5\">-20 \/120 <br \/>\n-20\/220<\/td><td class=\"column-6\">12 <br \/>\n40<\/td>\n<\/tr>\n<tr class=\"row-6 even\">\n\t<td class=\"column-1\"><img decoding=\"async\" src=\"http:\/\/cntend.com.tr\/wp-content\/uploads\/2019\/11\/CC.jpg\" alt=\"\" width=\"100\" height=\"79\" class=\"alignnone size-full wp-image-805\"\/><\/td><td class=\"column-2\">C <br \/>\nC<\/td><td class=\"column-3\">NBR <br \/>\nFKM<\/td><td class=\"column-4\">0,5 <br \/>\n0,5<\/td><td class=\"column-5\">-20 \/120 <br \/>\n-20\/220<\/td><td class=\"column-6\">12 <br \/>\n40<\/td>\n<\/tr>\n<tr class=\"row-7 odd\">\n\t<td class=\"column-1\"><img decoding=\"async\" src=\"http:\/\/cntend.com.tr\/wp-content\/uploads\/2019\/11\/CS.jpg\" alt=\"\" width=\"100\" height=\"79\" class=\"alignnone size-full wp-image-805\"\/><\/td><td class=\"column-2\">CS <br \/>\nCS<\/td><td class=\"column-3\">NBR <br \/>\nFKM<\/td><td class=\"column-4\">0,5 <br \/>\n0,5<\/td><td class=\"column-5\">-22 \/120 <br \/>\n-20\/220<\/td><td class=\"column-6\">12 <br \/>\n40<\/td>\n<\/tr>\n<tr class=\"row-8 even\">\n\t<td class=\"column-1\"><img decoding=\"async\" src=\"http:\/\/cntend.com.tr\/wp-content\/uploads\/2019\/11\/L2M.jpg\" alt=\"\" width=\"100\" height=\"79\" class=\"alignnone size-full wp-image-805\"\/><\/td><td class=\"column-2\">L2M <br \/>\nL2M<\/td><td class=\"column-3\">NBR <br \/>\nFKM<\/td><td class=\"column-4\">0,5 <br \/>\n0,5<\/td><td class=\"column-5\">-20 \/120 <br \/>\n-20\/220<\/td><td class=\"column-6\">25 <br \/>\n35<\/td>\n<\/tr>\n<tr class=\"row-9 odd\">\n\t<td class=\"column-1\"><img decoding=\"async\" src=\"http:\/\/cntend.com.tr\/wp-content\/uploads\/2019\/11\/TGU.jpg\" alt=\"\" width=\"100\" height=\"79\" class=\"alignnone size-full wp-image-805\"\/><\/td><td class=\"column-2\">TGU <br \/>\nTGU<\/td><td class=\"column-3\">NBR <br \/>\nFKM<\/td><td class=\"column-4\">0,5 <br \/>\n0,5<\/td><td class=\"column-5\">-20 \/120 <br \/>\n-20\/180<\/td><td class=\"column-6\">15 <br \/>\n25<\/td>\n<\/tr>\n<tr class=\"row-10 even\">\n\t<td class=\"column-1\"><img decoding=\"async\" src=\"http:\/\/cntend.com.tr\/wp-content\/uploads\/2019\/11\/TGUP.jpg\" alt=\"\" width=\"100\" height=\"79\" class=\"alignnone size-full wp-image-805\"\/><\/td><td class=\"column-2\">TGUP <br \/>\nTGUP<\/td><td class=\"column-3\">NBR <br \/>\nFKM<\/td><td class=\"column-4\">0,5 <br \/>\n0,5<\/td><td class=\"column-5\">-20 \/120 <br \/>\n-20\/180<\/td><td class=\"column-6\">15 <br \/>\n25<\/td>\n<\/tr>\n<tr class=\"row-11 odd\">\n\t<td class=\"column-1\"><img decoding=\"async\" src=\"http:\/\/cntend.com.tr\/wp-content\/uploads\/2019\/11\/TGR.jpg\" alt=\"\" width=\"100\" height=\"79\" class=\"alignnone size-full wp-image-805\"\/><\/td><td class=\"column-2\">TGR <br \/>\nTGR<\/td><td class=\"column-3\">NBR <br \/>\nFKM<\/td><td class=\"column-4\">0,5 <br \/>\n0,5<\/td><td class=\"column-5\">-20 \/120 <br \/>\n-20\/180<\/td><td class=\"column-6\">15 <br \/>\n25<\/td>\n<\/tr>\n<tr class=\"row-12 even\">\n\t<td class=\"column-1\"><img decoding=\"async\" src=\"http:\/\/cntend.com.tr\/wp-content\/uploads\/2019\/11\/TGA.jpg\" alt=\"\" width=\"100\" height=\"79\" class=\"alignnone size-full wp-image-805\"\/><\/td><td class=\"column-2\">TGA <br \/>\nTGA<\/td><td class=\"column-3\">NBR+BEZ <br \/>\nFKM+BEZ<\/td><td class=\"column-4\">0,5 <br \/>\n0,5<\/td><td class=\"column-5\">-20 \/120 <br \/>\n-20\/180<\/td><td class=\"column-6\">15 <br \/>\n25<\/td>\n<\/tr>\n<tr class=\"row-13 odd\">\n\t<td class=\"column-1\"><img decoding=\"async\" src=\"http:\/\/cntend.com.tr\/wp-content\/uploads\/2019\/11\/VA-e1573419498542.jpg\" alt=\"\" width=\"101\" height=\"85\" class=\"alignnone size-full wp-image-815\"\/><\/td><td class=\"column-2\">VA<a href=\"http:\/\/cntend.com.tr\/wp-content\/uploads\/2019\/11\/VA.pdf\">VA<\/a><\/td><td class=\"column-3\">NBR<br \/>\nFKM<\/td><td class=\"column-4\"><\/td><td class=\"column-5\"><\/td><td class=\"column-6\"><\/td>\n<\/tr>\n<tr class=\"row-14 even\">\n\t<td class=\"column-1\"><img decoding=\"async\" src=\"http:\/\/cntend.com.tr\/wp-content\/uploads\/2019\/11\/VL-e1573419571533.jpg\" alt=\"\" width=\"101\" height=\"85\" class=\"alignnone size-full wp-image-815\"\/><\/td><td class=\"column-2\">VA<a href=\"http:\/\/cntend.com.tr\/wp-content\/uploads\/2019\/11\/VL.pdf\">VL<\/a><\/td><td class=\"column-3\">NBR<br \/>\nFKM<\/td><td class=\"column-4\"><\/td><td class=\"column-5\"><\/td><td class=\"column-6\"><\/td>\n<\/tr>\n<tr class=\"row-15 odd\">\n\t<td class=\"column-1\"><img decoding=\"async\" src=\"http:\/\/cntend.com.tr\/wp-content\/uploads\/2019\/11\/VS-e1573419464137.jpg\" alt=\"\" width=\"101\" height=\"85\" class=\"alignnone size-full wp-image-815\"\/><\/td><td class=\"column-2\">VA<a href=\"http:\/\/cntend.com.tr\/wp-content\/uploads\/2019\/11\/VS.pdf\">VS<\/a><\/td><td class=\"column-3\">NBR<br \/>\nFKM<\/td><td class=\"column-4\"><\/td><td class=\"column-5\"><\/td><td class=\"column-6\"><\/td>\n<\/tr>\n<tr class=\"row-16 even\">\n\t<td class=\"column-1\"><img decoding=\"async\" src=\"http:\/\/cntend.com.tr\/wp-content\/uploads\/2019\/11\/VE-e1573419560760.jpg\" alt=\"\" width=\"101\" height=\"85\" class=\"alignnone size-full wp-image-815\"\/><\/td><td class=\"column-2\">VA<a href=\"http:\/\/cntend.com.tr\/wp-content\/uploads\/2019\/11\/VE.pdf\">VE<\/a><\/td><td class=\"column-3\">NBR<br \/>\nFKM<\/td><td class=\"column-4\"><\/td><td class=\"column-5\"><\/td><td class=\"column-6\"><\/td>\n<\/tr>\n<tr class=\"row-17 odd\">\n\t<td class=\"column-1\"><img decoding=\"async\" src=\"http:\/\/cntend.com.tr\/wp-content\/uploads\/2019\/11\/VAX-e1573419540465.jpg\" alt=\"\" width=\"101\" height=\"85\" class=\"alignnone size-full wp-image-815\"\/><\/td><td class=\"column-2\">VA<a href=\"http:\/\/cntend.com.tr\/wp-content\/uploads\/2019\/11\/VAX.pdf\">VAX<\/a><\/td><td class=\"column-3\">NBR<br \/>\nFKM<\/td><td class=\"column-4\"><\/td><td class=\"column-5\"><\/td><td class=\"column-6\"><\/td>\n<\/tr>\n<tr class=\"row-18 even\">\n\t<td class=\"column-1\"><img decoding=\"async\" src=\"http:\/\/cntend.com.tr\/wp-content\/uploads\/2019\/11\/VRME-e1573419581380.jpg\" alt=\"\" width=\"101\" height=\"85\" class=\"alignnone size-full wp-image-815\"\/><\/td><td class=\"column-2\">VA<a href=\"http:\/\/cntend.com.tr\/wp-content\/uploads\/2019\/11\/VRME.pdf\">VRME<\/a><\/td><td class=\"column-3\">NBR<br \/>\nFKM<\/td><td class=\"column-4\"><\/td><td class=\"column-5\"><\/td><td class=\"column-6\"><\/td>\n<\/tr>\n<tr class=\"row-19 odd\">\n\t<td class=\"column-1\"><img decoding=\"async\" src=\"http:\/\/cntend.com.tr\/wp-content\/uploads\/2019\/11\/LAB\u0130RENT-KE\u00c7E.png\" alt=\"\" width=\"101\" height=\"75\" class=\"alignnone size-full wp-image-826\"\/><\/td><td class=\"column-2\"><a href=\"https:\/\/cntend.com.tr\/wp-content\/uploads\/2019\/12\/D\u00f6ner-mil-alt\u0131nda-Labirent-Ke\u00e7eler.pdf\" rel=\"noopener noreferrer\" target=\"_blank\">Labirent Ke\u00e7eler<\/a><\/td><td class=\"column-3\"><\/td><td class=\"column-4\"><\/td><td class=\"column-5\"><\/td><td class=\"column-6\"><\/td>\n<\/tr>\n<tr class=\"row-20 even\">\n\t<td class=\"column-1\"><img decoding=\"async\" src=\"http:\/\/cntend.com.tr\/wp-content\/uploads\/2019\/11\/PTFE-SEALS.png\" alt=\"\" width=\"93\" height=\"80\" class=\"alignnone size-full wp-image-828\"\/><\/td><td class=\"column-2\"><a href=\"https:\/\/cntend.com.tr\/wp-content\/uploads\/2019\/11\/PTFE-Seals-Design.pdf\" rel=\"noopener noreferrer\" target=\"_blank\">PTFE Seal<\/a><\/td><td class=\"column-3\"><\/td><td class=\"column-4\"><\/td><td class=\"column-5\"><\/td><td class=\"column-6\"><\/td>\n<\/tr>\n<tr class=\"row-21 odd\">\n\t<td class=\"column-1\"><img decoding=\"async\" src=\"http:\/\/cntend.com.tr\/wp-content\/uploads\/2019\/11\/COS01.jpg\" alt=\"\" width=\"90\" height=\"73\" class=\"alignnone size-full wp-image-844\"\/><\/td><td class=\"column-2\">COS 01<\/td><td class=\"column-3\">PU\/POM NBR\/POM<\/td><td class=\"column-4\">0,5 0,5<\/td><td class=\"column-5\">-30\/100 -25\/100<\/td><td class=\"column-6\">5 10<\/td>\n<\/tr>\n<tr class=\"row-22 even\">\n\t<td class=\"column-1\"><img decoding=\"async\" src=\"http:\/\/cntend.com.tr\/wp-content\/uploads\/2019\/11\/COS02.jpg\" alt=\"\" width=\"90\" height=\"73\" class=\"alignnone size-full wp-image-844\"\/><\/td><td class=\"column-2\">COS 02<\/td><td class=\"column-3\">PU\/POM NBR\/POM<\/td><td class=\"column-4\">0,5 0,5<\/td><td class=\"column-5\">-30\/100 -25\/100<\/td><td class=\"column-6\">15 25<\/td>\n<\/tr>\n<tr class=\"row-23 odd\">\n\t<td class=\"column-1\"><img decoding=\"async\" src=\"http:\/\/cntend.com.tr\/wp-content\/uploads\/2019\/11\/COS03.jpg\" alt=\"\" width=\"90\" height=\"73\" class=\"alignnone size-full wp-image-844\"\/><\/td><td class=\"column-2\">COS 03<\/td><td class=\"column-3\">PU NBR<\/td><td class=\"column-4\">0,5 0,5<\/td><td class=\"column-5\">-30\/105 -25\/100<\/td><td class=\"column-6\">5 10<\/td>\n<\/tr>\n<tr class=\"row-24 even\">\n\t<td class=\"column-1\"><img decoding=\"async\" src=\"http:\/\/cntend.com.tr\/wp-content\/uploads\/2019\/11\/COS04.jpg\" alt=\"\" width=\"90\" height=\"73\" class=\"alignnone size-full wp-image-844\"\/><\/td><td class=\"column-2\">COS 04<\/td><td class=\"column-3\">PU NBR<\/td><td class=\"column-4\">0,5 0,5<\/td><td class=\"column-5\">-30\/105 -25\/100<\/td><td class=\"column-6\">5 10<\/td>\n<\/tr>\n<tr class=\"row-25 odd\">\n\t<td class=\"column-1\"><img decoding=\"async\" src=\"http:\/\/cntend.com.tr\/wp-content\/uploads\/2019\/11\/COS08.jpg\" alt=\"\" width=\"90\" height=\"73\" class=\"alignnone size-full wp-image-844\"\/><\/td><td class=\"column-2\">COS 08<\/td><td class=\"column-3\">PU NBR<\/td><td class=\"column-4\"><\/td><td class=\"column-5\">-30\/105 -25\/100<\/td><td class=\"column-6\">5 10<\/td>\n<\/tr>\n<tr class=\"row-26 even\">\n\t<td class=\"column-1\"><img decoding=\"async\" src=\"http:\/\/cntend.com.tr\/wp-content\/uploads\/2019\/11\/CR03.jpg\" alt=\"\" width=\"90\" height=\"73\" class=\"alignnone size-full wp-image-844\"\/><\/td><td class=\"column-2\">CR 03<\/td><td class=\"column-3\">PU\/POM NBR\/POM<\/td><td class=\"column-4\">400 250<\/td><td class=\"column-5\">-30\/100 -25\/100<\/td><td class=\"column-6\">0,2 0,2<\/td>\n<\/tr>\n<tr class=\"row-27 odd\">\n\t<td class=\"column-1\"><img decoding=\"async\" src=\"http:\/\/cntend.com.tr\/wp-content\/uploads\/2019\/11\/CR04.jpg\" alt=\"\" width=\"90\" height=\"73\" class=\"alignnone size-full wp-image-844\"\/><\/td><td class=\"column-2\">CR 04<\/td><td class=\"column-3\">PU NBR<\/td><td class=\"column-4\">160 160<\/td><td class=\"column-5\">-30\/105 -25\/100<\/td><td class=\"column-6\">0,2 0,2<\/td>\n<\/tr>\n<tr class=\"row-28 even\">\n\t<td class=\"column-1\"><img decoding=\"async\" src=\"http:\/\/cntend.com.tr\/wp-content\/uploads\/2019\/11\/CR05.jpg\" alt=\"\" width=\"90\" height=\"73\" class=\"alignnone size-full wp-image-844\"\/><\/td><td class=\"column-2\">CR 05<\/td><td class=\"column-3\">PU NBR<\/td><td class=\"column-4\">160 160<\/td><td class=\"column-5\">-30\/105 -25\/100<\/td><td class=\"column-6\">0,2 0,2<\/td>\n<\/tr>\n<tr class=\"row-29 odd\">\n\t<td class=\"column-1\"><img decoding=\"async\" src=\"http:\/\/cntend.com.tr\/wp-content\/uploads\/2019\/11\/CVR06.jpg\" alt=\"\" width=\"90\" height=\"73\" class=\"alignnone size-full wp-image-844\"\/><\/td><td class=\"column-2\">CVR 06<\/td><td class=\"column-3\">NBR<\/td><td class=\"column-4\"><\/td><td class=\"column-5\">-25\/100<\/td><td class=\"column-6\">25<\/td>\n<\/tr>\n<tr class=\"row-30 even\">\n\t<td class=\"column-1\"><img decoding=\"async\" src=\"http:\/\/cntend.com.tr\/wp-content\/uploads\/2019\/11\/CVR07.jpg\" alt=\"\" width=\"90\" height=\"73\" class=\"alignnone size-full wp-image-844\"\/><\/td><td class=\"column-2\">CVR 07<\/td><td class=\"column-3\">NBR<\/td><td class=\"column-4\"><\/td><td class=\"column-5\">-25\/100<\/td><td class=\"column-6\">25<\/td>\n<\/tr>\n<tr class=\"row-31 odd\">\n\t<td class=\"column-1\"><img decoding=\"async\" src=\"http:\/\/cntend.com.tr\/wp-content\/uploads\/2019\/11\/COS11.jpg\" alt=\"\" width=\"90\" height=\"73\" class=\"alignnone size-full wp-image-844\"\/><\/td><td class=\"column-2\">COS 11<\/td><td class=\"column-3\">PTFE\/FKM<\/td><td class=\"column-4\">10<\/td><td class=\"column-5\">-20\/200<\/td><td class=\"column-6\">15<\/td>\n<\/tr>\n<tr class=\"row-32 even\">\n\t<td class=\"column-1\"><img decoding=\"async\" src=\"http:\/\/cntend.com.tr\/wp-content\/uploads\/2019\/11\/COS12.jpg\" alt=\"\" width=\"90\" height=\"73\" class=\"alignnone size-full wp-image-844\"\/><\/td><td class=\"column-2\">COS 12<\/td><td class=\"column-3\">PTFE\/FKM<\/td><td class=\"column-4\">10<\/td><td class=\"column-5\">-20\/200<\/td><td class=\"column-6\">15<\/td>\n<\/tr>\n<tr class=\"row-33 odd\">\n\t<td class=\"column-1\"><img decoding=\"async\" src=\"http:\/\/cntend.com.tr\/wp-content\/uploads\/2019\/11\/COS09.jpg\" alt=\"\" width=\"90\" height=\"73\" class=\"alignnone size-full wp-image-844\"\/><\/td><td class=\"column-2\">COS 09<\/td><td class=\"column-3\">PTFE\/NBR<\/td><td class=\"column-4\">350<\/td><td class=\"column-5\">-25\/100<\/td><td class=\"column-6\">0.4<\/td>\n<\/tr>\n<tr class=\"row-34 even\">\n\t<td class=\"column-1\"><img decoding=\"async\" src=\"http:\/\/cntend.com.tr\/wp-content\/uploads\/2019\/11\/COS10.jpg\" alt=\"\" width=\"90\" height=\"73\" class=\"alignnone size-full wp-image-844\"\/><\/td><td class=\"column-2\">COS 10<\/td><td class=\"column-3\">PTFE\/NBR<\/td><td class=\"column-4\">350<\/td><td class=\"column-5\">-25\/100<\/td><td class=\"column-6\">0.4<\/td>\n<\/tr>\n<tr class=\"row-35 odd\">\n\t<td class=\"column-1\"><img decoding=\"async\" src=\"http:\/\/cntend.com.tr\/wp-content\/uploads\/2019\/11\/CRS19A.jpg\" alt=\"\" width=\"90\" height=\"73\" class=\"alignnone size-full wp-image-844\"\/><\/td><td class=\"column-2\">CRS 19A<\/td><td class=\"column-3\">PTFE\/V-Yay<\/td><td class=\"column-4\">350<\/td><td class=\"column-5\">-200\/260<\/td><td class=\"column-6\">2<\/td>\n<\/tr>\n<tr class=\"row-36 even\">\n\t<td class=\"column-1\"><img decoding=\"async\" src=\"http:\/\/cntend.com.tr\/wp-content\/uploads\/2019\/11\/CPS19A.jpg\" alt=\"\" width=\"90\" height=\"73\" class=\"alignnone size-full wp-image-844\"\/><\/td><td class=\"column-2\">CPS 19A<\/td><td class=\"column-3\">PTFE\/V-Yay<\/td><td class=\"column-4\">350<\/td><td class=\"column-5\">-200\/260<\/td><td class=\"column-6\">2<\/td>\n<\/tr>\n<\/tbody>\n<\/table>\n<div class=\"fusion-clearfix\"><\/div><\/div><\/div><\/div><\/div>\n","protected":false},"excerpt":{"rendered":"","protected":false},"author":1,"featured_media":0,"parent":0,"menu_order":0,"comment_status":"closed","ping_status":"closed","template":"","meta":{"footnotes":""},"class_list":["post-534","page","type-page","status-publish","hentry"],"yoast_head":"<!-- This site is optimized with the Yoast SEO plugin v16.3 - https:\/\/yoast.com\/wordpress\/plugins\/seo\/ -->\n<title>D\u00d6NER M\u0130L KE\u00c7ELER\u0130 - CNT<\/title>\n<meta name=\"robots\" content=\"index, follow, max-snippet:-1, max-image-preview:large, max-video-preview:-1\" \/>\n<link rel=\"canonical\" href=\"https:\/\/cntend.com.tr\/en\/doner-mil-keceleri\/\" \/>\n<meta property=\"og:locale\" content=\"tr_TR\" \/>\n<meta property=\"og:type\" content=\"article\" \/>\n<meta property=\"og:title\" content=\"D\u00d6NER M\u0130L KE\u00c7ELER\u0130 - CNT\" \/>\n<meta property=\"og:url\" content=\"https:\/\/cntend.com.tr\/en\/doner-mil-keceleri\/\" \/>\n<meta property=\"og:site_name\" content=\"CNT\" \/>\n<meta property=\"article:modified_time\" content=\"2019-11-30T16:15:52+00:00\" \/>\n<meta name=\"twitter:card\" content=\"summary_large_image\" \/>\n<meta name=\"twitter:label1\" content=\"Tahmini okuma s\u00fcresi\">\n\t<meta name=\"twitter:data1\" content=\"2 dakika\">\n<script type=\"application\/ld+json\" class=\"yoast-schema-graph\">{\"@context\":\"https:\/\/schema.org\",\"@graph\":[{\"@type\":\"WebSite\",\"@id\":\"https:\/\/cntend.com.tr\/en\/#website\",\"url\":\"https:\/\/cntend.com.tr\/en\/\",\"name\":\"CNT\",\"description\":\"CNT End\\u00fcstriyel \\u00dcr\\u00fcnler\",\"potentialAction\":[{\"@type\":\"SearchAction\",\"target\":\"https:\/\/cntend.com.tr\/en\/?s={search_term_string}\",\"query-input\":\"required name=search_term_string\"}],\"inLanguage\":\"tr\"},{\"@type\":\"WebPage\",\"@id\":\"https:\/\/cntend.com.tr\/en\/doner-mil-keceleri\/#webpage\",\"url\":\"https:\/\/cntend.com.tr\/en\/doner-mil-keceleri\/\",\"name\":\"D\\u00d6NER M\\u0130L KE\\u00c7ELER\\u0130 - CNT\",\"isPartOf\":{\"@id\":\"https:\/\/cntend.com.tr\/en\/#website\"},\"datePublished\":\"2019-11-10T10:21:10+00:00\",\"dateModified\":\"2019-11-30T16:15:52+00:00\",\"breadcrumb\":{\"@id\":\"https:\/\/cntend.com.tr\/en\/doner-mil-keceleri\/#breadcrumb\"},\"inLanguage\":\"tr\",\"potentialAction\":[{\"@type\":\"ReadAction\",\"target\":[\"https:\/\/cntend.com.tr\/en\/doner-mil-keceleri\/\"]}]},{\"@type\":\"BreadcrumbList\",\"@id\":\"https:\/\/cntend.com.tr\/en\/doner-mil-keceleri\/#breadcrumb\",\"itemListElement\":[{\"@type\":\"ListItem\",\"position\":1,\"item\":{\"@type\":\"WebPage\",\"@id\":\"https:\/\/cntend.com.tr\/en\/\",\"url\":\"https:\/\/cntend.com.tr\/en\/\",\"name\":\"Ana sayfa\"}},{\"@type\":\"ListItem\",\"position\":2,\"item\":{\"@id\":\"https:\/\/cntend.com.tr\/en\/doner-mil-keceleri\/#webpage\"}}]}]}<\/script>\n<!-- \/ Yoast SEO plugin. -->","_links":{"self":[{"href":"https:\/\/cntend.com.tr\/en\/wp-json\/wp\/v2\/pages\/534"}],"collection":[{"href":"https:\/\/cntend.com.tr\/en\/wp-json\/wp\/v2\/pages"}],"about":[{"href":"https:\/\/cntend.com.tr\/en\/wp-json\/wp\/v2\/types\/page"}],"author":[{"embeddable":true,"href":"https:\/\/cntend.com.tr\/en\/wp-json\/wp\/v2\/users\/1"}],"replies":[{"embeddable":true,"href":"https:\/\/cntend.com.tr\/en\/wp-json\/wp\/v2\/comments?post=534"}],"version-history":[{"count":3,"href":"https:\/\/cntend.com.tr\/en\/wp-json\/wp\/v2\/pages\/534\/revisions"}],"predecessor-version":[{"id":1700,"href":"https:\/\/cntend.com.tr\/en\/wp-json\/wp\/v2\/pages\/534\/revisions\/1700"}],"wp:attachment":[{"href":"https:\/\/cntend.com.tr\/en\/wp-json\/wp\/v2\/media?parent=534"}],"curies":[{"name":"wp","href":"https:\/\/api.w.org\/{rel}","templated":true}]}}