{"id":532,"date":"2019-11-10T10:20:30","date_gmt":"2019-11-10T10:20:30","guid":{"rendered":"http:\/\/turgayozgoz.com\/?page_id=532"},"modified":"2019-11-11T06:20:53","modified_gmt":"2019-11-11T06:20:53","slug":"malzemeler","status":"publish","type":"page","link":"https:\/\/cntend.com.tr\/en\/hidrolik-sizdirmazlik-elemanlari\/malzemeler\/","title":{"rendered":"Malzemeler"},"content":{"rendered":"<div class=\"fusion-fullwidth fullwidth-box fusion-builder-row-1 nonhundred-percent-fullwidth non-hundred-percent-height-scrolling\" style=\"background-color: #ffffff;background-position: center center;background-repeat: no-repeat;padding-top:0px;padding-right:0px;padding-bottom:0px;padding-left:0px;margin-bottom: 0px;margin-top: 0px;border-width: 0px 0px 0px 0px;border-color:#eae9e9;border-style:solid;\" ><div class=\"fusion-builder-row fusion-row\"><div class=\"fusion-layout-column fusion_builder_column fusion-builder-column-0 fusion_builder_column_1_1 1_1 fusion-one-full fusion-column-first fusion-column-last\" style=\"margin-top:0px;margin-bottom:20px;\"><div class=\"fusion-column-wrapper fusion-flex-column-wrapper-legacy\" style=\"background-position:left top;background-repeat:no-repeat;-webkit-background-size:cover;-moz-background-size:cover;-o-background-size:cover;background-size:cover;padding: 0px 0px 0px 0px;\">\n<table id=\"tablepress-18\" class=\"tablepress tablepress-id-18 tablepress-responsive\">\n<thead>\n<tr class=\"row-1 odd\">\n\t<th class=\"column-1\">\u0130S\u0130M<\/th><th class=\"column-2\">RES\u0130M<\/th><th class=\"column-3\">\u00c7ALI\u015eMA SICAKLI\u011eI<\/th><th class=\"column-4\">SERTL\u0130K 20 (\u00b0c)=<\/th><th class=\"column-5\">TEMEL UYGULAMALAR<\/th>\n<\/tr>\n<\/thead>\n<tbody class=\"row-hover\">\n<tr class=\"row-2 even\">\n\t<td class=\"column-1\"><a href=\"https:\/\/cntend.com.tr\/wp-content\/uploads\/2021\/08\/RSP.pdf\">RSP<\/a><\/td><td class=\"column-2\"><a href=\"https:\/\/cntend.com.tr\/wp-content\/uploads\/2021\/08\/RSP.pdf\" rel=\"noopener noreferrer\" target=\"_blank\"> <img decoding=\"async\" src=\"http:\/\/cntend.com.tr\/wp-content\/uploads\/2019\/11\/RSP.jpg\" alt=\"\" width=\"121\" height=\"91\" class=\"alignnone size-full wp-image-854\"\/>  <\/a><\/td><td class=\"column-3\">-50 \/ +150 C<\/td><td class=\"column-4\">95+\/-2Shore A<\/td><td class=\"column-5\">Dudakl\u0131 contalar, s\u0131y\u0131r\u0131c\u0131lar ve di\u011fer s\u0131zd\u0131rmazl\u0131k elemanlar\u0131. Mineral ya\u011flar, hava, su ve su bazl\u0131 ak\u0131\u015fkanlar. D\u00fc\u015f\u00fck S\u00fcrt\u00fcnme.<\/td>\n<\/tr>\n<tr class=\"row-3 odd\">\n\t<td class=\"column-1\">PU K\u0131rm\u0131z\u0131<a href=\"https:\/\/cntend.com.tr\/en\/wp-content\/uploads\/2021\/05\/PU-Kirmizi_eng.pdf\"><\/a><\/td><td class=\"column-2\"><a href=\"https:\/\/cntend.com.tr\/en\/wp-content\/uploads\/2021\/05\/PU-Kirmizi_eng.pdf\" rel=\"noopener noreferrer\" target=\"_blank\"> <img decoding=\"async\" src=\"http:\/\/cntend.com.tr\/wp-content\/uploads\/2019\/11\/PU-KIRMIZI.jpg\" alt=\"\" width=\"121\" height=\"91\" class=\"alignnone size-full wp-image-854\"\/>  <\/a><\/td><td class=\"column-3\">-30\/+105 C<\/td><td class=\"column-4\">95+\/-2Shore A<\/td><td class=\"column-5\">Dudakl\u0131 contalar,s\u0131y\u0131r\u0131c\u0131lar ve di\u011fer s\u0131zd\u0131rmazl\u0131k elemanlar\u0131.Mineral ya\u011flar,hava,su ve su bazl\u0131 ak\u0131\u015fkanlar.<\/td>\n<\/tr>\n<tr class=\"row-4 even\">\n\t<td class=\"column-1\"><a href=\"https:\/\/cntend.com.tr\/en\/wp-content\/uploads\/2021\/05\/PU-yesil_eng.pdf\">PU Ye\u015fil<\/a><\/td><td class=\"column-2\"><img decoding=\"async\" src=\"http:\/\/cntend.com.tr\/wp-content\/uploads\/2019\/11\/PU-YE\u015e\u0130L.jpg\" alt=\"\" width=\"121\" height=\"91\" class=\"alignnone size-full wp-image-854\"\/><\/td><td class=\"column-3\">-30\/+105 C<\/td><td class=\"column-4\">95+\/-2Shore A<\/td><td class=\"column-5\">Dudakl\u0131 contalar,s\u0131y\u0131r\u0131c\u0131lar ve di\u011fer s\u0131zd\u0131rmazl\u0131k elemanlar\u0131.Mineral ya\u011flar,hava,su ve su bazl\u0131 ak\u0131\u015fkanlar.<\/td>\n<\/tr>\n<tr class=\"row-5 odd\">\n\t<td class=\"column-1\"><a href=\"https:\/\/cntend.com.tr\/en\/wp-content\/uploads\/2021\/05\/PU57_eng.pdf\">PU 57 Shore D <\/a><\/td><td class=\"column-2\"><img decoding=\"async\" src=\"http:\/\/cntend.com.tr\/wp-content\/uploads\/2019\/11\/PU-57-SHORE-D.jpg\" alt=\"\" width=\"121\" height=\"91\" class=\"alignnone size-full wp-image-854\"\/><\/td><td class=\"column-3\">-30\/+105 C<\/td><td class=\"column-4\">57+\/-3 Shore D<\/td><td class=\"column-5\">Destek ringleri,elastomer veya yay ile destekli contalar.Mineral ya\u011flar,hava,su ve su bazl\u0131 ak\u0131\u015fkanlar.<\/td>\n<\/tr>\n<tr class=\"row-6 even\">\n\t<td class=\"column-1\"><a href=\"https:\/\/cntend.com.tr\/en\/wp-content\/uploads\/2021\/05\/NBR_eng.pdf\">NBR<\/a><\/td><td class=\"column-2\"><img decoding=\"async\" src=\"http:\/\/cntend.com.tr\/wp-content\/uploads\/2019\/11\/NBR.jpg\" alt=\"\" width=\"121\" height=\"91\" class=\"alignnone size-full wp-image-854\"\/><\/td><td class=\"column-3\">-25\/+100 C<\/td><td class=\"column-4\">85+\/-5Shore A<\/td><td class=\"column-5\">Dudakl\u0131 contalar,s\u0131y\u0131r\u0131c\u0131lar ve di\u011fer s\u0131zd\u0131rmazl\u0131k elemanlar\u0131.Mineral ya\u011flar,hava,su ve su bazl\u0131 ak\u0131\u015fkanla<\/td>\n<\/tr>\n<tr class=\"row-7 odd\">\n\t<td class=\"column-1\"><a href=\"https:\/\/cntend.com.tr\/en\/wp-content\/uploads\/2021\/05\/FKM_eng.pdf\">FKM<\/a><\/td><td class=\"column-2\"><a href=\"https:\/\/cntend.com.tr\/en\/wp-content\/uploads\/2021\/05\/FKM_eng.pdf\" rel=\"noopener noreferrer\" target=\"_blank\"> <img decoding=\"async\" src=\"http:\/\/cntend.com.tr\/wp-content\/uploads\/2019\/11\/FKM.jpg\" alt=\"\" width=\"121\" height=\"91\" class=\"alignnone size-full wp-image-854\"\/>  <\/a><\/td><td class=\"column-3\">-20\/+210 C<\/td><td class=\"column-4\">85+\/-5Shore A<\/td><td class=\"column-5\">Dudakl\u0131 contalar,s\u0131y\u0131r\u0131c\u0131lar ve di\u011fer s\u0131zd\u0131rmazl\u0131k elemanlar\u0131.Y\u00fcksek s\u0131cakl\u0131k ve agresif ortam.<\/td>\n<\/tr>\n<tr class=\"row-8 even\">\n\t<td class=\"column-1\"><a href=\"https:\/\/cntend.com.tr\/en\/wp-content\/uploads\/2022\/03\/FPM-F111-black.pdf\">FKM Black <\/a><\/td><td class=\"column-2\"><img decoding=\"async\" src=\"http:\/\/cntend.com.tr\/wp-content\/uploads\/2019\/11\/NBR.jpg\" alt=\"\" width=\"121\" height=\"91\" class=\"alignnone size-full wp-image-854\"\/><\/td><td class=\"column-3\">-25 \/ +210 C<\/td><td class=\"column-4\">20 (\u00b0C): 85\u00b15 Shore A<\/td><td class=\"column-5\">Dudakl\u0131 contalar, s\u0131y\u0131r\u0131c\u0131lar ve di\u011fer s\u0131zd\u0131rmazl\u0131k elemanlar\u0131. Y\u00fcksek s\u0131cakl\u0131k ve agresif ortam<\/td>\n<\/tr>\n<tr class=\"row-9 odd\">\n\t<td class=\"column-1\"><a href=\"https:\/\/cntend.com.tr\/en\/wp-content\/uploads\/2021\/05\/H-NBR_eng.pdf\">H-NBR<\/a><\/td><td class=\"column-2\"><img decoding=\"async\" src=\"http:\/\/cntend.com.tr\/wp-content\/uploads\/2019\/11\/H-NBR.jpg\" alt=\"\" width=\"121\" height=\"91\" class=\"alignnone size-full wp-image-854\"\/><\/td><td class=\"column-3\">-25\/+150 C<\/td><td class=\"column-4\">85+\/-5Shore A<\/td><td class=\"column-5\">Dudakl\u0131 contalar,s\u0131y\u0131r\u0131c\u0131lar ve di\u011fer s\u0131zd\u0131rmazl\u0131k elemanlar\u0131.Mineral ya\u011flar,hava,su.<\/td>\n<\/tr>\n<tr class=\"row-10 even\">\n\t<td class=\"column-1\"><a href=\"https:\/\/cntend.com.tr\/en\/wp-content\/uploads\/2021\/05\/Silikon_eng.pdf\">Silikon<\/a><\/td><td class=\"column-2\"><img decoding=\"async\" src=\"http:\/\/cntend.com.tr\/wp-content\/uploads\/2019\/11\/S\u0130L\u0130KON.jpg\" alt=\"\" width=\"121\" height=\"91\" class=\"alignnone size-full wp-image-854\"\/><\/td><td class=\"column-3\">-55\/+210 C<\/td><td class=\"column-4\">85+\/-5Shore A<\/td><td class=\"column-5\">Dudakl\u0131 contalar,s\u0131y\u0131r\u0131c\u0131lar ve di\u011fer s\u0131zd\u0131rmazl\u0131k elemanlar\u0131.Dinamik uygulamalar ve Mineral ya\u011flar i\u00e7in uygun de\u011fil.<\/td>\n<\/tr>\n<tr class=\"row-11 odd\">\n\t<td class=\"column-1\"><a href=\"https:\/\/cntend.com.tr\/en\/wp-content\/uploads\/2021\/05\/AFLAS_eng.pdf\">AFLAS<\/a><\/td><td class=\"column-2\"><img decoding=\"async\" src=\"http:\/\/cntend.com.tr\/wp-content\/uploads\/2019\/11\/AFLAS.jpg\" alt=\"\" width=\"121\" height=\"91\" class=\"alignnone size-full wp-image-854\"\/><\/td><td class=\"column-3\">-15\/+210 C<\/td><td class=\"column-4\">85+\/-5Shore A<\/td><td class=\"column-5\">Dudakl\u0131 contalar,s\u0131y\u0131r\u0131c\u0131lar ve di\u011fer s\u0131z\u0131rmazl\u0131k elemanlar\u0131.Asidik ya\u011flar,amin,gaz,s\u0131cak su ve buhar.Y\u00fcksel elektrik yal\u0131tkanl\u0131\u011f\u0131.<\/td>\n<\/tr>\n<tr class=\"row-12 even\">\n\t<td class=\"column-1\">EPDM <\/td><td class=\"column-2\"><img decoding=\"async\" src=\"http:\/\/cntend.com.tr\/wp-content\/uploads\/2019\/11\/EPDM.jpg\" alt=\"\" width=\"121\" height=\"91\" class=\"alignnone size-full wp-image-854\"\/><\/td><td class=\"column-3\">-50\/130 C<\/td><td class=\"column-4\">85+\/-Shore A<\/td><td class=\"column-5\">Dudakl\u0131 contalar,s\u0131y\u0131r\u0131c\u0131lar ve di\u011fer s\u0131zd\u0131rmazl\u0131kelemanlar\u0131. S\u0131cak ve buhar. Mineral ya\u011flar i\u00e7in uygun de\u011fil.<\/td>\n<\/tr>\n<tr class=\"row-13 odd\">\n\t<td class=\"column-1\"> <a href=\"https:\/\/cntend.com.tr\/en\/wp-content\/uploads\/2021\/05\/POM_eng.pdf\">POM<\/a><\/td><td class=\"column-2\"><img decoding=\"async\" src=\"http:\/\/cntend.com.tr\/wp-content\/uploads\/2019\/11\/POM.jpg\" alt=\"\" width=\"121\" height=\"91\" class=\"alignnone size-full wp-image-854\"\/><\/td><td class=\"column-3\">-60\/+100 C<\/td><td class=\"column-4\"><\/td><td class=\"column-5\">Destek ve yataklama ringleri.Mekanik par\u00e7alar.<\/td>\n<\/tr>\n<tr class=\"row-14 even\">\n\t<td class=\"column-1\"><\/td><td class=\"column-2\"><img decoding=\"async\" src=\"http:\/\/cntend.com.tr\/wp-content\/uploads\/2019\/11\/PA.jpg\" alt=\"\" width=\"121\" height=\"91\" class=\"alignnone size-full wp-image-854\"\/><\/td><td class=\"column-3\">-30\/+105 C<\/td><td class=\"column-4\"><\/td><td class=\"column-5\">Destek ve yataklama ringleri.Mekanik par\u00e7alar.<\/td>\n<\/tr>\n<tr class=\"row-15 odd\">\n\t<td class=\"column-1\"><a href=\"https:\/\/cntend.com.tr\/en\/wp-content\/uploads\/2021\/05\/PTFE_eng.pdf\">PTFE <\/a><\/td><td class=\"column-2\"><img decoding=\"async\" src=\"http:\/\/cntend.com.tr\/wp-content\/uploads\/2019\/11\/PTFE.jpg\" alt=\"\" width=\"121\" height=\"91\" class=\"alignnone size-full wp-image-854\"\/><\/td><td class=\"column-3\">-200\/+260 C<\/td><td class=\"column-4\">51-60Shore D<\/td><td class=\"column-5\">Elastomer elemanla desteklenmi\u015f kayar halka, yay y\u00fckl\u00fc conta, destek ve yataklama ringleri. D\u00fc\u015f\u00fck s\u00fcrt\u00fcnme.G\u0131daya uyum,kimyasal diren\u00e7.<\/td>\n<\/tr>\n<tr class=\"row-16 even\">\n\t<td class=\"column-1\"><a href=\"https:\/\/cntend.com.tr\/en\/wp-content\/uploads\/2021\/05\/PTFE_cam_elyaf_eng.pdf\">PTFE \/ Cam Elyaf\u0131 +MoS2 <\/a><\/td><td class=\"column-2\"><img decoding=\"async\" src=\"http:\/\/cntend.com.tr\/wp-content\/uploads\/2019\/11\/PTFE_CAM-ELYAFI-MOS2.jpg\" alt=\"\" width=\"121\" height=\"91\" class=\"alignnone size-full wp-image-854\"\/><\/td><td class=\"column-3\">-200\/+260 C<\/td><td class=\"column-4\">55-64Shore D<\/td><td class=\"column-5\">Elastomer elemanla desteklenmi\u015f kayar halka, yay y\u00fckl\u00fc conta, destek ve yataklama ringleri.<\/td>\n<\/tr>\n<tr class=\"row-17 odd\">\n\t<td class=\"column-1\"><a href=\"https:\/\/cntend.com.tr\/en\/wp-content\/uploads\/2021\/05\/PTFE-_40_eng.pdf\">PTFE \/ %40 Bronz <\/a><\/td><td class=\"column-2\"><img decoding=\"async\" src=\"http:\/\/cntend.com.tr\/wp-content\/uploads\/2019\/11\/PTFE_40-BRONZ.jpg\" alt=\"\" width=\"121\" height=\"91\" class=\"alignnone size-full wp-image-854\"\/><\/td><td class=\"column-3\">-200\/+260 C<\/td><td class=\"column-4\">62-67Shore D<\/td><td class=\"column-5\">Elastomer elemanla desteklenmi\u015f kayar halka, yay y\u00fckl\u00fc conta, destek ve yataklama ringleri.<\/td>\n<\/tr>\n<tr class=\"row-18 even\">\n\t<td class=\"column-1\"><a href=\"https:\/\/cntend.com.tr\/en\/wp-content\/uploads\/2021\/10\/27-PTFE-C25-T125-black.pdf\">PTFE \/ %25 Karbon <\/a><\/td><td class=\"column-2\"><img decoding=\"async\" src=\"http:\/\/cntend.com.tr\/wp-content\/uploads\/2019\/11\/PTFE_25-KARBON.jpg\" alt=\"\" width=\"121\" height=\"91\" class=\"alignnone size-full wp-image-854\"\/><\/td><td class=\"column-3\">-200\/+260 C<\/td><td class=\"column-4\">62-67Shore D<\/td><td class=\"column-5\">Elastomer elemanla desteklenmi\u015f kayar halka, yay y\u00fckl\u00fc conta, destek ve yataklama ringleri. D\u00fc\u015f\u00fck s\u00fcrt\u00fcnme.<\/td>\n<\/tr>\n<tr class=\"row-19 odd\">\n\t<td class=\"column-1\">PTFE \/ Ekonol<\/td><td class=\"column-2\"><img decoding=\"async\" src=\"http:\/\/cntend.com.tr\/wp-content\/uploads\/2019\/11\/PTFE-EKONOL.jpg\" alt=\"\" width=\"121\" height=\"91\" class=\"alignnone size-full wp-image-854\"\/><\/td><td class=\"column-3\">-200\/+260 C<\/td><td class=\"column-4\">53-66Shore D<\/td><td class=\"column-5\">Elastomer elemanla desteklenmi\u015f kayar halka, yay y\u00fckl\u00fc conta.G\u0131da ve havac\u0131l\u0131k uygulamalar\u0131.<\/td>\n<\/tr>\n<tr class=\"row-20 even\">\n\t<td class=\"column-1\">PEEK<\/td><td class=\"column-2\"><img decoding=\"async\" src=\"http:\/\/cntend.com.tr\/wp-content\/uploads\/2019\/11\/PEEK.jpg\" alt=\"\" width=\"121\" height=\"91\" class=\"alignnone size-full wp-image-854\"\/><\/td><td class=\"column-3\">-50\/+250 C<\/td><td class=\"column-4\">90Shore D<\/td><td class=\"column-5\">Elastomer elemanla desteklenmi\u015f kayar halka, yay y\u00fckl\u00fc conta, destek ve yataklama ringleri. D\u00fc\u015f\u00fck s\u00fcrt\u00fcnme ve y\u00fcksek kararl\u0131l\u0131kta par\u00e7alar<\/td>\n<\/tr>\n<\/tbody>\n<\/table>\n<div class=\"fusion-clearfix\"><\/div><\/div><\/div><\/div><\/div>\n","protected":false},"excerpt":{"rendered":"","protected":false},"author":1,"featured_media":0,"parent":501,"menu_order":0,"comment_status":"closed","ping_status":"closed","template":"","meta":{"footnotes":""},"class_list":["post-532","page","type-page","status-publish","hentry"],"yoast_head":"<!-- This site is optimized with the Yoast SEO plugin v16.3 - https:\/\/yoast.com\/wordpress\/plugins\/seo\/ -->\n<title>Malzemeler - CNT<\/title>\n<meta name=\"robots\" content=\"index, follow, max-snippet:-1, max-image-preview:large, max-video-preview:-1\" \/>\n<link rel=\"canonical\" href=\"https:\/\/cntend.com.tr\/en\/hidrolik-sizdirmazlik-elemanlari\/malzemeler\/\" \/>\n<meta property=\"og:locale\" content=\"tr_TR\" \/>\n<meta property=\"og:type\" content=\"article\" \/>\n<meta property=\"og:title\" content=\"Malzemeler - CNT\" \/>\n<meta property=\"og:url\" content=\"https:\/\/cntend.com.tr\/en\/hidrolik-sizdirmazlik-elemanlari\/malzemeler\/\" \/>\n<meta property=\"og:site_name\" content=\"CNT\" \/>\n<meta property=\"article:modified_time\" content=\"2019-11-11T06:20:53+00:00\" \/>\n<meta name=\"twitter:card\" content=\"summary_large_image\" \/>\n<meta name=\"twitter:label1\" content=\"Tahmini okuma s\u00fcresi\">\n\t<meta name=\"twitter:data1\" content=\"2 dakika\">\n<script type=\"application\/ld+json\" class=\"yoast-schema-graph\">{\"@context\":\"https:\/\/schema.org\",\"@graph\":[{\"@type\":\"WebSite\",\"@id\":\"https:\/\/cntend.com.tr\/en\/#website\",\"url\":\"https:\/\/cntend.com.tr\/en\/\",\"name\":\"CNT\",\"description\":\"CNT End\\u00fcstriyel \\u00dcr\\u00fcnler\",\"potentialAction\":[{\"@type\":\"SearchAction\",\"target\":\"https:\/\/cntend.com.tr\/en\/?s={search_term_string}\",\"query-input\":\"required name=search_term_string\"}],\"inLanguage\":\"tr\"},{\"@type\":\"WebPage\",\"@id\":\"https:\/\/cntend.com.tr\/en\/hidrolik-sizdirmazlik-elemanlari\/malzemeler\/#webpage\",\"url\":\"https:\/\/cntend.com.tr\/en\/hidrolik-sizdirmazlik-elemanlari\/malzemeler\/\",\"name\":\"Malzemeler - CNT\",\"isPartOf\":{\"@id\":\"https:\/\/cntend.com.tr\/en\/#website\"},\"datePublished\":\"2019-11-10T10:20:30+00:00\",\"dateModified\":\"2019-11-11T06:20:53+00:00\",\"breadcrumb\":{\"@id\":\"https:\/\/cntend.com.tr\/en\/hidrolik-sizdirmazlik-elemanlari\/malzemeler\/#breadcrumb\"},\"inLanguage\":\"tr\",\"potentialAction\":[{\"@type\":\"ReadAction\",\"target\":[\"https:\/\/cntend.com.tr\/en\/hidrolik-sizdirmazlik-elemanlari\/malzemeler\/\"]}]},{\"@type\":\"BreadcrumbList\",\"@id\":\"https:\/\/cntend.com.tr\/en\/hidrolik-sizdirmazlik-elemanlari\/malzemeler\/#breadcrumb\",\"itemListElement\":[{\"@type\":\"ListItem\",\"position\":1,\"item\":{\"@type\":\"WebPage\",\"@id\":\"https:\/\/cntend.com.tr\/en\/\",\"url\":\"https:\/\/cntend.com.tr\/en\/\",\"name\":\"Ana sayfa\"}},{\"@type\":\"ListItem\",\"position\":2,\"item\":{\"@type\":\"WebPage\",\"@id\":\"https:\/\/cntend.com.tr\/en\/hidrolik-sizdirmazlik-elemanlari\/\",\"url\":\"https:\/\/cntend.com.tr\/en\/hidrolik-sizdirmazlik-elemanlari\/\",\"name\":\"H\\u0130DROL\\u0130K SIZDIRMAZLIK ELEMANLARI\"}},{\"@type\":\"ListItem\",\"position\":3,\"item\":{\"@id\":\"https:\/\/cntend.com.tr\/en\/hidrolik-sizdirmazlik-elemanlari\/malzemeler\/#webpage\"}}]}]}<\/script>\n<!-- \/ Yoast SEO plugin. -->","_links":{"self":[{"href":"https:\/\/cntend.com.tr\/en\/wp-json\/wp\/v2\/pages\/532"}],"collection":[{"href":"https:\/\/cntend.com.tr\/en\/wp-json\/wp\/v2\/pages"}],"about":[{"href":"https:\/\/cntend.com.tr\/en\/wp-json\/wp\/v2\/types\/page"}],"author":[{"embeddable":true,"href":"https:\/\/cntend.com.tr\/en\/wp-json\/wp\/v2\/users\/1"}],"replies":[{"embeddable":true,"href":"https:\/\/cntend.com.tr\/en\/wp-json\/wp\/v2\/comments?post=532"}],"version-history":[{"count":3,"href":"https:\/\/cntend.com.tr\/en\/wp-json\/wp\/v2\/pages\/532\/revisions"}],"predecessor-version":[{"id":876,"href":"https:\/\/cntend.com.tr\/en\/wp-json\/wp\/v2\/pages\/532\/revisions\/876"}],"up":[{"embeddable":true,"href":"https:\/\/cntend.com.tr\/en\/wp-json\/wp\/v2\/pages\/501"}],"wp:attachment":[{"href":"https:\/\/cntend.com.tr\/en\/wp-json\/wp\/v2\/media?parent=532"}],"curies":[{"name":"wp","href":"https:\/\/api.w.org\/{rel}","templated":true}]}}