{"id":513,"date":"2019-11-10T10:14:07","date_gmt":"2019-11-10T10:14:07","guid":{"rendered":"http:\/\/turgayozgoz.com\/?page_id=513"},"modified":"2019-12-15T13:00:13","modified_gmt":"2019-12-15T13:00:13","slug":"piston-sizdirmazlik-elemanlari","status":"publish","type":"page","link":"https:\/\/cntend.com.tr\/en\/hidrolik-sizdirmazlik-elemanlari\/piston-sizdirmazlik-elemanlari\/","title":{"rendered":"Piston S\u0131zd\u0131rmazl\u0131k Elemanlar\u0131"},"content":{"rendered":"<div class=\"fusion-fullwidth fullwidth-box fusion-builder-row-1 nonhundred-percent-fullwidth non-hundred-percent-height-scrolling\" style=\"background-color: #ffffff;background-position: center center;background-repeat: no-repeat;padding-top:0px;padding-right:0px;padding-bottom:0px;padding-left:0px;margin-bottom: 0px;margin-top: 0px;border-width: 0px 0px 0px 0px;border-color:#eae9e9;border-style:solid;\" ><div class=\"fusion-builder-row fusion-row\"><div class=\"fusion-layout-column fusion_builder_column fusion-builder-column-0 fusion_builder_column_1_1 1_1 fusion-one-full fusion-column-first fusion-column-last\" style=\"margin-top:0px;margin-bottom:20px;\"><div class=\"fusion-column-wrapper fusion-flex-column-wrapper-legacy\" style=\"background-position:left top;background-repeat:no-repeat;-webkit-background-size:cover;-moz-background-size:cover;-o-background-size:cover;background-size:cover;padding: 0px 0px 0px 0px;\">\n<table id=\"tablepress-20\" class=\"tablepress tablepress-id-20 tablepress-responsive\">\n<thead>\n<tr class=\"row-1 odd\">\n\t<th class=\"column-1\">PROFILE<\/th><th class=\"column-2\">TYPE<\/th><th class=\"column-3\">STANDARD MATERIAL<\/th><th class=\"column-4\">PRESSURE (bar)<\/th><th class=\"column-5\">TEMPERATURE (\u00b0c)<\/th><th class=\"column-6\">SLIP VELOCITY (m\/sn)<\/th>\n<\/tr>\n<\/thead>\n<tbody class=\"row-hover\">\n<tr class=\"row-2 even\">\n\t<td class=\"column-1\"><a href=\"http:\/\/cntend.com.tr\/wp-content\/uploads\/2019\/11\/CPS01.pdf\" rel=\"noopener noreferrer\" target=\"_blank\"> <img decoding=\"async\" src=\"http:\/\/cntend.com.tr\/wp-content\/uploads\/2019\/11\/CPS01.png\" alt=\"\" width=\"90\" height=\"75\" class=\"alignnone size-full wp-image-462\"\/><\/a><\/td><td class=\"column-2\"><a href=\"http:\/\/cntend.com.tr\/wp-content\/uploads\/2019\/11\/CPS01.pdf\" rel=\"noopener noreferrer\" target=\"_blank\">CPS 01<\/a><\/td><td class=\"column-3\">PU<\/td><td class=\"column-4\">400<\/td><td class=\"column-5\">-30\/105<\/td><td class=\"column-6\">0.5<\/td>\n<\/tr>\n<tr class=\"row-3 odd\">\n\t<td class=\"column-1\"><a href=\"http:\/\/cntend.com.tr\/wp-content\/uploads\/2019\/11\/CPS01A.pdf\" rel=\"noopener noreferrer\" target=\"_blank\"> <img decoding=\"async\" src=\"http:\/\/cntend.com.tr\/wp-content\/uploads\/2019\/11\/CPS01A.png\" alt=\"\" width=\"90\" height=\"75\" class=\"alignnone size-full wp-image-462\"\/><\/a><\/td><td class=\"column-2\"><a href=\"http:\/\/cntend.com.tr\/wp-content\/uploads\/2019\/11\/CPS01A.pdf\" rel=\"noopener noreferrer\" target=\"_blank\">CPS 01A<\/a><\/td><td class=\"column-3\">PU<\/td><td class=\"column-4\">160<\/td><td class=\"column-5\">-30\/105<\/td><td class=\"column-6\">0.5<\/td>\n<\/tr>\n<tr class=\"row-4 even\">\n\t<td class=\"column-1\"><a href=\"http:\/\/cntend.com.tr\/wp-content\/uploads\/2019\/11\/CPS01B.pdf\" rel=\"noopener noreferrer\" target=\"_blank\"> <img decoding=\"async\" src=\"http:\/\/cntend.com.tr\/wp-content\/uploads\/2019\/11\/CPS01B.png\" alt=\"\" width=\"90\" height=\"75\" class=\"alignnone size-full wp-image-462\"\/><\/a><\/td><td class=\"column-2\"><a href=\"http:\/\/cntend.com.tr\/wp-content\/uploads\/2019\/11\/CPS01B.pdf\" rel=\"noopener noreferrer\" target=\"_blank\">CPS 01B<\/a><\/td><td class=\"column-3\">PU<\/td><td class=\"column-4\">400<\/td><td class=\"column-5\">-30\/105<\/td><td class=\"column-6\">0.5<\/td>\n<\/tr>\n<tr class=\"row-5 odd\">\n\t<td class=\"column-1\"><a href=\"http:\/\/cntend.com.tr\/wp-content\/uploads\/2019\/11\/CPS02.pdf\" rel=\"noopener noreferrer\" target=\"_blank\"> <img decoding=\"async\" src=\"http:\/\/cntend.com.tr\/wp-content\/uploads\/2019\/11\/CPS02.png\" alt=\"\" width=\"90\" height=\"75\" class=\"alignnone size-full wp-image-462\"\/><\/a><\/td><td class=\"column-2\"><a href=\"http:\/\/cntend.com.tr\/wp-content\/uploads\/2019\/11\/CPS02.pdf\" rel=\"noopener noreferrer\" target=\"_blank\">CPS 02<\/a><\/td><td class=\"column-3\">PU\/POM<\/td><td class=\"column-4\">700<\/td><td class=\"column-5\">-30\/100<\/td><td class=\"column-6\">0.5<\/td>\n<\/tr>\n<tr class=\"row-6 even\">\n\t<td class=\"column-1\"><a href=\"http:\/\/cntend.com.tr\/wp-content\/uploads\/2019\/11\/CPS02A.pdf\" rel=\"noopener noreferrer\" target=\"_blank\"> <img decoding=\"async\" src=\"http:\/\/cntend.com.tr\/wp-content\/uploads\/2019\/11\/CPS02A.png\" alt=\"\" width=\"90\" height=\"75\" class=\"alignnone size-full wp-image-462\"\/><\/a><\/td><td class=\"column-2\"><a href=\"http:\/\/cntend.com.tr\/wp-content\/uploads\/2019\/11\/CPS02A.pdf\" rel=\"noopener noreferrer\" target=\"_blank\">CPS 02A<\/a><\/td><td class=\"column-3\">PU\/POM<\/td><td class=\"column-4\">700<\/td><td class=\"column-5\">-30\/100<\/td><td class=\"column-6\">0.5<\/td>\n<\/tr>\n<tr class=\"row-7 odd\">\n\t<td class=\"column-1\"><a href=\"http:\/\/cntend.com.tr\/wp-content\/uploads\/2019\/11\/CPS03.pdf\" rel=\"noopener noreferrer\" target=\"_blank\"> <img decoding=\"async\" src=\"http:\/\/cntend.com.tr\/wp-content\/uploads\/2019\/11\/CPS03.png\" alt=\"\" width=\"90\" height=\"75\" class=\"alignnone size-full wp-image-462\"\/><\/a><\/td><td class=\"column-2\"><a href=\"http:\/\/cntend.com.tr\/wp-content\/uploads\/2019\/11\/CPS03.pdf\" rel=\"noopener noreferrer\" target=\"_blank\">CPS 03<\/a><\/td><td class=\"column-3\">PU\/NBR<\/td><td class=\"column-4\">400<\/td><td class=\"column-5\">-25\/100<\/td><td class=\"column-6\">0.5<\/td>\n<\/tr>\n<tr class=\"row-8 even\">\n\t<td class=\"column-1\"><a href=\"http:\/\/cntend.com.tr\/wp-content\/uploads\/2019\/11\/CPS04.pdf\" rel=\"noopener noreferrer\" target=\"_blank\"> <img decoding=\"async\" src=\"http:\/\/cntend.com.tr\/wp-content\/uploads\/2019\/11\/CPS04.png\" alt=\"\" width=\"90\" height=\"75\" class=\"alignnone size-full wp-image-462\"\/><\/a><\/td><td class=\"column-2\"><a href=\"http:\/\/cntend.com.tr\/wp-content\/uploads\/2019\/11\/CPS04.pdf\" rel=\"noopener noreferrer\" target=\"_blank\">CPS 04<\/a><\/td><td class=\"column-3\">PU\/NBR\/POM<\/td><td class=\"column-4\">700<\/td><td class=\"column-5\">-25\/100<\/td><td class=\"column-6\">0.5<\/td>\n<\/tr>\n<tr class=\"row-9 odd\">\n\t<td class=\"column-1\"><a href=\"http:\/\/cntend.com.tr\/wp-content\/uploads\/2019\/11\/CPS08.pdf\" rel=\"noopener noreferrer\" target=\"_blank\"> <img decoding=\"async\" src=\"http:\/\/cntend.com.tr\/wp-content\/uploads\/2019\/11\/CPS08.png\" alt=\"\" width=\"90\" height=\"75\" class=\"alignnone size-full wp-image-462\"\/><\/a><\/td><td class=\"column-2\"><a href=\"http:\/\/cntend.com.tr\/wp-content\/uploads\/2019\/11\/CPS08.pdf\" rel=\"noopener noreferrer\" target=\"_blank\">CPS 08<\/a><\/td><td class=\"column-3\">PTFE\/NBR<br \/>\nPTFE\/FKM<\/td><td class=\"column-4\">400<br \/>\n400<\/td><td class=\"column-5\">-25\/100<br \/>\n-20\/210<\/td><td class=\"column-6\">10<br \/>\n10<\/td>\n<\/tr>\n<tr class=\"row-10 even\">\n\t<td class=\"column-1\"><img decoding=\"async\" src=\"http:\/\/cntend.com.tr\/wp-content\/uploads\/2019\/11\/CPS08A.png\" alt=\"\" width=\"90\" height=\"75\" class=\"alignnone size-full wp-image-462\"\/><\/td><td class=\"column-2\">CPS 08A<\/td><td class=\"column-3\">PTFE\/NBR<br \/>\nPTFE\/FKM<\/td><td class=\"column-4\">400<br \/>\n400<\/td><td class=\"column-5\">-25\/100<br \/>\n-20\/210<\/td><td class=\"column-6\">10<br \/>\n10<\/td>\n<\/tr>\n<tr class=\"row-11 odd\">\n\t<td class=\"column-1\"><a href=\"http:\/\/cntend.com.tr\/wp-content\/uploads\/2019\/11\/CPS08B.pdf\" rel=\"noopener noreferrer\" target=\"_blank\"> <img decoding=\"async\" src=\"http:\/\/cntend.com.tr\/wp-content\/uploads\/2019\/11\/CPS08B.png\" alt=\"\" width=\"90\" height=\"75\" class=\"alignnone size-full wp-image-462\"\/><\/a><\/td><td class=\"column-2\"><a href=\"http:\/\/cntend.com.tr\/wp-content\/uploads\/2019\/11\/CPS08B.pdf\" rel=\"noopener noreferrer\" target=\"_blank\">CPS 08B<\/a><\/td><td class=\"column-3\">PTFE\/NBR<br \/>\nPTFE\/FKM<\/td><td class=\"column-4\">400<br \/>\n400<\/td><td class=\"column-5\">-25\/100<br \/>\n-20\/210<\/td><td class=\"column-6\">10<br \/>\n10<\/td>\n<\/tr>\n<tr class=\"row-12 even\">\n\t<td class=\"column-1\"><a href=\"http:\/\/cntend.com.tr\/wp-content\/uploads\/2019\/11\/CPS08C.pdf\" rel=\"noopener noreferrer\" target=\"_blank\"> <img decoding=\"async\" src=\"http:\/\/cntend.com.tr\/wp-content\/uploads\/2019\/11\/CPS08C.png\" alt=\"\" width=\"90\" height=\"75\" class=\"alignnone size-full wp-image-462\"\/><\/a><\/td><td class=\"column-2\"><a href=\"http:\/\/cntend.com.tr\/wp-content\/uploads\/2019\/11\/CPS08C.pdf\" rel=\"noopener noreferrer\" target=\"_blank\">CPS 08C<\/a><\/td><td class=\"column-3\">PTFE\/NBR<br \/>\nPTFE\/FKM<\/td><td class=\"column-4\">400<br \/>\n400<\/td><td class=\"column-5\">-25\/100<br \/>\n-20\/210<\/td><td class=\"column-6\">2<br \/>\n2<\/td>\n<\/tr>\n<tr class=\"row-13 odd\">\n\t<td class=\"column-1\"><a href=\"http:\/\/cntend.com.tr\/wp-content\/uploads\/2019\/11\/CPS08D.pdf\" rel=\"noopener noreferrer\" target=\"_blank\"> <img decoding=\"async\" src=\"http:\/\/cntend.com.tr\/wp-content\/uploads\/2019\/11\/CPS08D.png\" alt=\"\" width=\"90\" height=\"75\" class=\"alignnone size-full wp-image-462\"\/><\/a><\/td><td class=\"column-2\"><a href=\"http:\/\/cntend.com.tr\/wp-content\/uploads\/2019\/11\/CPS08D.pdf\" rel=\"noopener noreferrer\" target=\"_blank\">CPS 08D<\/a><\/td><td class=\"column-3\">PTFE\/NBR<br \/>\nPTFE\/FKM<\/td><td class=\"column-4\">400<br \/>\n400<\/td><td class=\"column-5\">-25\/100<br \/>\n-20\/210<\/td><td class=\"column-6\">2<br \/>\n2<\/td>\n<\/tr>\n<tr class=\"row-14 even\">\n\t<td class=\"column-1\"><a href=\"http:\/\/cntend.com.tr\/wp-content\/uploads\/2019\/11\/CPS81.pdf\" rel=\"noopener noreferrer\" target=\"_blank\"> <img decoding=\"async\" src=\"http:\/\/cntend.com.tr\/wp-content\/uploads\/2019\/11\/CPS81.png\" alt=\"\" width=\"90\" height=\"75\" class=\"alignnone size-full wp-image-462\"\/><\/a><\/td><td class=\"column-2\"><a href=\"http:\/\/cntend.com.tr\/wp-content\/uploads\/2019\/11\/CPS81.pdf\" rel=\"noopener noreferrer\" target=\"_blank\">CPS 81<\/a><\/td><td class=\"column-3\">PTFE\/NBR<\/td><td class=\"column-4\">400<\/td><td class=\"column-5\">-25\/100<\/td><td class=\"column-6\">10<\/td>\n<\/tr>\n<tr class=\"row-15 odd\">\n\t<td class=\"column-1\"><a href=\"http:\/\/cntend.com.tr\/wp-content\/uploads\/2019\/11\/CPS09.pdf\" rel=\"noopener noreferrer\" target=\"_blank\"> <img decoding=\"async\" src=\"http:\/\/cntend.com.tr\/wp-content\/uploads\/2019\/11\/CPS09.png\" alt=\"\" width=\"90\" height=\"75\" class=\"alignnone size-full wp-image-462\"\/><\/a><\/td><td class=\"column-2\"><a href=\"http:\/\/cntend.com.tr\/wp-content\/uploads\/2019\/11\/CPS09.pdf\" rel=\"noopener noreferrer\" target=\"_blank\">CPS 09<\/a><\/td><td class=\"column-3\">PU\/POM\/NBR<\/td><td class=\"column-4\">400<\/td><td class=\"column-5\">-25\/100<\/td><td class=\"column-6\">0.5<\/td>\n<\/tr>\n<tr class=\"row-16 even\">\n\t<td class=\"column-1\"><a href=\"http:\/\/cntend.com.tr\/wp-content\/uploads\/2019\/11\/CPS17.pdf\" rel=\"noopener noreferrer\" target=\"_blank\"> <img decoding=\"async\" src=\"http:\/\/cntend.com.tr\/wp-content\/uploads\/2019\/11\/CPS17.png\" alt=\"\" width=\"90\" height=\"75\" class=\"alignnone size-full wp-image-462\"\/><\/a><\/td><td class=\"column-2\"><a href=\"http:\/\/cntend.com.tr\/wp-content\/uploads\/2019\/11\/CPS17.pdf\" rel=\"noopener noreferrer\" target=\"_blank\">CPS 17<\/a><\/td><td class=\"column-3\">PU\/POM<\/td><td class=\"column-4\">400<\/td><td class=\"column-5\">-30\/100<\/td><td class=\"column-6\">0.5<\/td>\n<\/tr>\n<tr class=\"row-17 odd\">\n\t<td class=\"column-1\"><img decoding=\"async\" src=\"http:\/\/cntend.com.tr\/wp-content\/uploads\/2019\/11\/CPS20.png\" alt=\"\" width=\"90\" height=\"75\" class=\"alignnone size-full wp-image-462\"\/><\/td><td class=\"column-2\">CPS 20<\/td><td class=\"column-3\">PU\/POM<\/td><td class=\"column-4\">700<\/td><td class=\"column-5\">-30\/100<\/td><td class=\"column-6\">0.5<\/td>\n<\/tr>\n<tr class=\"row-18 even\">\n\t<td class=\"column-1\"><img decoding=\"async\" src=\"http:\/\/cntend.com.tr\/wp-content\/uploads\/2019\/11\/CPS81A.png\" alt=\"\" width=\"90\" height=\"75\" class=\"alignnone size-full wp-image-462\"\/><\/td><td class=\"column-2\">CPS 81A<\/td><td class=\"column-3\">PTFE\/NBR\/POM<\/td><td class=\"column-4\">700<\/td><td class=\"column-5\">-25\/100<\/td><td class=\"column-6\">10<\/td>\n<\/tr>\n<tr class=\"row-19 odd\">\n\t<td class=\"column-1\"><img decoding=\"async\" src=\"http:\/\/cntend.com.tr\/wp-content\/uploads\/2019\/11\/CPS16.png\" alt=\"\" width=\"90\" height=\"75\" class=\"alignnone size-full wp-image-462\"\/><\/td><td class=\"column-2\">CPS 16<\/td><td class=\"column-3\">PU<\/td><td class=\"column-4\">400<\/td><td class=\"column-5\">-30\/105<\/td><td class=\"column-6\">0.5<\/td>\n<\/tr>\n<tr class=\"row-20 even\">\n\t<td class=\"column-1\"><a href=\"http:\/\/cntend.com.tr\/wp-content\/uploads\/2019\/11\/CPS19.pdf\" rel=\"noopener noreferrer\" target=\"_blank\"> <img decoding=\"async\" src=\"http:\/\/cntend.com.tr\/wp-content\/uploads\/2019\/11\/CPS19.png\" alt=\"\" width=\"90\" height=\"75\" class=\"alignnone size-full wp-image-462\"\/><\/a><\/td><td class=\"column-2\"><a href=\"http:\/\/cntend.com.tr\/wp-content\/uploads\/2019\/11\/CPS19.pdf\" rel=\"noopener noreferrer\" target=\"_blank\">CPS 19<\/a><\/td><td class=\"column-3\">PTFE\/V-Yay<\/td><td class=\"column-4\">300<\/td><td class=\"column-5\">-200\/260<\/td><td class=\"column-6\">15<\/td>\n<\/tr>\n<tr class=\"row-21 odd\">\n\t<td class=\"column-1\"><a href=\"http:\/\/cntend.com.tr\/wp-content\/uploads\/2019\/11\/CPS35.pdf\" rel=\"noopener noreferrer\" target=\"_blank\"> <img decoding=\"async\" src=\"http:\/\/cntend.com.tr\/wp-content\/uploads\/2019\/11\/CPS35.png\" alt=\"\" width=\"90\" height=\"75\" class=\"alignnone size-full wp-image-462\"\/><\/a><\/td><td class=\"column-2\"><a href=\"http:\/\/cntend.com.tr\/wp-content\/uploads\/2019\/11\/CPS35.pdf\" rel=\"noopener noreferrer\" target=\"_blank\">CPS 35<\/a><\/td><td class=\"column-3\">PU<\/td><td class=\"column-4\">400<\/td><td class=\"column-5\">-30\/105<\/td><td class=\"column-6\">0.4<\/td>\n<\/tr>\n<tr class=\"row-22 even\">\n\t<td class=\"column-1\"><img decoding=\"async\" src=\"http:\/\/cntend.com.tr\/wp-content\/uploads\/2019\/11\/CP50.png\" alt=\"\" width=\"90\" height=\"75\" class=\"alignnone size-full wp-image-462\"\/><\/td><td class=\"column-2\">CP 50<\/td><td class=\"column-3\">PU\/POM<\/td><td class=\"column-4\">400<\/td><td class=\"column-5\">-30\/100<\/td><td class=\"column-6\">0.5<\/td>\n<\/tr>\n<tr class=\"row-23 odd\">\n\t<td class=\"column-1\"><img decoding=\"async\" src=\"http:\/\/cntend.com.tr\/wp-content\/uploads\/2019\/11\/CP51.png\" alt=\"\" width=\"90\" height=\"75\" class=\"alignnone size-full wp-image-462\"\/><\/td><td class=\"column-2\">CP 51<\/td><td class=\"column-3\">PU\/NBR\/POM<\/td><td class=\"column-4\">400<\/td><td class=\"column-5\">-25\/100<\/td><td class=\"column-6\">0.5<\/td>\n<\/tr>\n<tr class=\"row-24 even\">\n\t<td class=\"column-1\"><img decoding=\"async\" src=\"http:\/\/cntend.com.tr\/wp-content\/uploads\/2019\/11\/CP52.png\" alt=\"\" width=\"90\" height=\"75\" class=\"alignnone size-full wp-image-462\"\/><\/td><td class=\"column-2\">CP 52<\/td><td class=\"column-3\">PU\/POM<\/td><td class=\"column-4\">700<\/td><td class=\"column-5\">-30\/100<\/td><td class=\"column-6\">0.5<\/td>\n<\/tr>\n<tr class=\"row-25 odd\">\n\t<td class=\"column-1\"><img decoding=\"async\" src=\"http:\/\/cntend.com.tr\/wp-content\/uploads\/2019\/11\/CP53.png\" alt=\"\" width=\"90\" height=\"75\" class=\"alignnone size-full wp-image-462\"\/><\/td><td class=\"column-2\">CP 53<\/td><td class=\"column-3\">PU\/NBR\/POM<\/td><td class=\"column-4\">700<\/td><td class=\"column-5\">-25\/100<\/td><td class=\"column-6\">0.5<\/td>\n<\/tr>\n<tr class=\"row-26 even\">\n\t<td class=\"column-1\"><img decoding=\"async\" src=\"http:\/\/cntend.com.tr\/wp-content\/uploads\/2019\/11\/CP54.png\" alt=\"\" width=\"90\" height=\"75\" class=\"alignnone size-full wp-image-462\"\/><\/td><td class=\"column-2\">CP 54<\/td><td class=\"column-3\">PU\/NBR\/POM<\/td><td class=\"column-4\">400<\/td><td class=\"column-5\">-25\/100<\/td><td class=\"column-6\">0.5<\/td>\n<\/tr>\n<tr class=\"row-27 odd\">\n\t<td class=\"column-1\"><a href=\"http:\/\/cntend.com.tr\/wp-content\/uploads\/2019\/11\/CPRS06P\u0130STON.pdf\" rel=\"noopener noreferrer\" target=\"_blank\"> <img decoding=\"async\" src=\"http:\/\/cntend.com.tr\/wp-content\/uploads\/2019\/11\/CPRS06P\u0130STON.jpg\" alt=\"\" width=\"90\" height=\"75\" class=\"alignnone size-full wp-image-462\"\/><\/a><\/td><td class=\"column-2\"><a href=\"http:\/\/cntend.com.tr\/wp-content\/uploads\/2019\/11\/CPRS06P\u0130STON.pdf\" rel=\"noopener noreferrer\" target=\"_blank\">CPRS 06<\/a><\/td><td class=\"column-3\">PU<\/td><td class=\"column-4\">400<\/td><td class=\"column-5\">-30\/105<\/td><td class=\"column-6\">0.5<\/td>\n<\/tr>\n<tr class=\"row-28 even\">\n\t<td class=\"column-1\"><a href=\"http:\/\/cntend.com.tr\/wp-content\/uploads\/2019\/11\/CPRS06A-P\u0130STON.pdf\" rel=\"noopener noreferrer\" target=\"_blank\"> <img decoding=\"async\" src=\"http:\/\/cntend.com.tr\/wp-content\/uploads\/2019\/11\/CPRS06A-P\u0130STON.jpg\" alt=\"\" width=\"90\" height=\"75\" class=\"alignnone size-full wp-image-462\"\/><\/a><\/td><td class=\"column-2\"><a href=\"http:\/\/cntend.com.tr\/wp-content\/uploads\/2019\/11\/CPRS06A-P\u0130STON.pdf\" rel=\"noopener noreferrer\" target=\"_blank\">CPRS 06A<\/a><\/td><td class=\"column-3\">PU<\/td><td class=\"column-4\">160<\/td><td class=\"column-5\">-30\/105<\/td><td class=\"column-6\">0.5<\/td>\n<\/tr>\n<tr class=\"row-29 odd\">\n\t<td class=\"column-1\"><a href=\"http:\/\/cntend.com.tr\/wp-content\/uploads\/2019\/11\/CPRS06B-P\u0130STON.pdf\" rel=\"noopener noreferrer\" target=\"_blank\"> <img decoding=\"async\" src=\"http:\/\/cntend.com.tr\/wp-content\/uploads\/2019\/11\/CPRS06B-P\u0130STON.jpg\" alt=\"\" width=\"90\" height=\"75\" class=\"alignnone size-full wp-image-462\"\/><\/a><\/td><td class=\"column-2\"><a href=\"http:\/\/cntend.com.tr\/wp-content\/uploads\/2019\/11\/CPRS06B-P\u0130STON.pdf\" rel=\"noopener noreferrer\" target=\"_blank\">CPRS 06B<\/a><\/td><td class=\"column-3\">PU<\/td><td class=\"column-4\">400<\/td><td class=\"column-5\">-30\/105<\/td><td class=\"column-6\">0.5<\/td>\n<\/tr>\n<tr class=\"row-30 even\">\n\t<td class=\"column-1\"><a href=\"http:\/\/cntend.com.tr\/wp-content\/uploads\/2019\/11\/CPRS07-P\u0130STON.pdf\" rel=\"noopener noreferrer\" target=\"_blank\"> <img decoding=\"async\" src=\"http:\/\/cntend.com.tr\/wp-content\/uploads\/2019\/11\/CPRS07-P\u0130STON.jpg\" alt=\"\" width=\"90\" height=\"75\" class=\"alignnone size-full wp-image-462\"\/><\/a><\/td><td class=\"column-2\"><a href=\"http:\/\/cntend.com.tr\/wp-content\/uploads\/2019\/11\/CPRS07-P\u0130STON.pdf\" rel=\"noopener noreferrer\" target=\"_blank\">CPRS 07<\/a><\/td><td class=\"column-3\">PU\/NBR<\/td><td class=\"column-4\">400<\/td><td class=\"column-5\">-25\/100<\/td><td class=\"column-6\">0.5<\/td>\n<\/tr>\n<tr class=\"row-31 odd\">\n\t<td class=\"column-1\"><a href=\"http:\/\/cntend.com.tr\/wp-content\/uploads\/2019\/11\/CPRS18-P\u0130STON.pdf\" rel=\"noopener noreferrer\" target=\"_blank\"> <img decoding=\"async\" src=\"http:\/\/cntend.com.tr\/wp-content\/uploads\/2019\/11\/CPRS18-P\u0130STON.jpg\" alt=\"\" width=\"90\" height=\"75\" class=\"alignnone size-full wp-image-462\"\/><\/a><\/td><td class=\"column-2\"><a href=\"http:\/\/cntend.com.tr\/wp-content\/uploads\/2019\/11\/CPRS18-P\u0130STON.pdf\" rel=\"noopener noreferrer\" target=\"_blank\">CPRS 18<\/a><\/td><td class=\"column-3\">PU\/NBR<\/td><td class=\"column-4\">400<\/td><td class=\"column-5\">-25\/100<\/td><td class=\"column-6\">0.5<\/td>\n<\/tr>\n<tr class=\"row-32 even\">\n\t<td class=\"column-1\"><img decoding=\"async\" src=\"http:\/\/cntend.com.tr\/wp-content\/uploads\/2019\/11\/CPRS22-P\u0130STON.jpg\" alt=\"\" width=\"90\" height=\"75\" class=\"alignnone size-full wp-image-462\"\/><\/td><td class=\"column-2\">CPRS 22<\/td><td class=\"column-3\">PU\/POM<\/td><td class=\"column-4\">400<\/td><td class=\"column-5\">-30\/100<\/td><td class=\"column-6\">0.5<\/td>\n<\/tr>\n<tr class=\"row-33 odd\">\n\t<td class=\"column-1\"><a href=\"http:\/\/cntend.com.tr\/wp-content\/uploads\/2019\/11\/CPRS10-12-P\u0130STON.pdf\" rel=\"noopener noreferrer\" target=\"_blank\"> <img decoding=\"async\" src=\"http:\/\/cntend.com.tr\/wp-content\/uploads\/2019\/11\/CPRS10-12-P\u0130STON.jpg\" alt=\"\" width=\"90\" height=\"75\" class=\"alignnone size-full wp-image-462\"\/><\/a><\/td><td class=\"column-2\"><a href=\"http:\/\/cntend.com.tr\/wp-content\/uploads\/2019\/11\/CPRS10-12-P\u0130STON.pdf\" rel=\"noopener noreferrer\" target=\"_blank\">CPRS 10-12<\/a><\/td><td class=\"column-3\">PU\/POM<\/td><td class=\"column-4\">500<\/td><td class=\"column-5\">-30\/100<\/td><td class=\"column-6\">0.5<\/td>\n<\/tr>\n<tr class=\"row-34 even\">\n\t<td class=\"column-1\"><img decoding=\"async\" src=\"http:\/\/cntend.com.tr\/wp-content\/uploads\/2019\/11\/CPRS-13-15.jpg\" alt=\"\" width=\"90\" height=\"75\" class=\"alignnone size-full wp-image-462\"\/><\/td><td class=\"column-2\">CPRS 13-15<\/td><td class=\"column-3\">PU\/POM<\/td><td class=\"column-4\">500<\/td><td class=\"column-5\">-30\/100<\/td><td class=\"column-6\">0.5<\/td>\n<\/tr>\n<tr class=\"row-35 odd\">\n\t<td class=\"column-1\"><img decoding=\"async\" src=\"https:\/\/cntend.com.tr\/wp-content\/uploads\/2022\/01\/CPS20.png\" alt=\"\" width=\"90\" height=\"75\" class=\"alignnone size-full wp-image-462\"\/><\/td><td class=\"column-2\"><a href=\"https:\/\/cntend.com.tr\/wp-content\/uploads\/2022\/01\/CPS20-TECHNICAL-SHEET.pdf\" rel=\"noopener noreferrer\" target=\"_blank\">CPS20<\/a><\/td><td class=\"column-3\">RSP\/POM \u2013 NBR\/POM<\/td><td class=\"column-4\">700<\/td><td class=\"column-5\"> -50\/+150 <\/td><td class=\"column-6\">0.5<\/td>\n<\/tr>\n<\/tbody>\n<\/table>\n<!-- #tablepress-20 from cache --><div class=\"fusion-clearfix\"><\/div><\/div><\/div><\/div><\/div>\n","protected":false},"excerpt":{"rendered":"","protected":false},"author":1,"featured_media":0,"parent":501,"menu_order":0,"comment_status":"closed","ping_status":"closed","template":"","meta":{"footnotes":""},"class_list":["post-513","page","type-page","status-publish","hentry"],"yoast_head":"<!-- This site is optimized with the Yoast SEO plugin v16.3 - https:\/\/yoast.com\/wordpress\/plugins\/seo\/ -->\n<title>Piston S\u0131zd\u0131rmazl\u0131k Elemanlar\u0131 - CNT<\/title>\n<meta name=\"robots\" content=\"index, follow, max-snippet:-1, max-image-preview:large, max-video-preview:-1\" \/>\n<link rel=\"canonical\" href=\"https:\/\/cntend.com.tr\/en\/hidrolik-sizdirmazlik-elemanlari\/piston-sizdirmazlik-elemanlari\/\" \/>\n<meta property=\"og:locale\" content=\"tr_TR\" \/>\n<meta property=\"og:type\" content=\"article\" \/>\n<meta property=\"og:title\" content=\"Piston S\u0131zd\u0131rmazl\u0131k Elemanlar\u0131 - CNT\" \/>\n<meta property=\"og:url\" content=\"https:\/\/cntend.com.tr\/en\/hidrolik-sizdirmazlik-elemanlari\/piston-sizdirmazlik-elemanlari\/\" \/>\n<meta property=\"og:site_name\" content=\"CNT\" \/>\n<meta property=\"article:modified_time\" content=\"2019-12-15T13:00:13+00:00\" \/>\n<meta name=\"twitter:card\" content=\"summary_large_image\" \/>\n<meta name=\"twitter:label1\" content=\"Tahmini okuma s\u00fcresi\">\n\t<meta name=\"twitter:data1\" content=\"2 dakika\">\n<script type=\"application\/ld+json\" class=\"yoast-schema-graph\">{\"@context\":\"https:\/\/schema.org\",\"@graph\":[{\"@type\":\"WebSite\",\"@id\":\"https:\/\/cntend.com.tr\/en\/#website\",\"url\":\"https:\/\/cntend.com.tr\/en\/\",\"name\":\"CNT\",\"description\":\"CNT End\\u00fcstriyel \\u00dcr\\u00fcnler\",\"potentialAction\":[{\"@type\":\"SearchAction\",\"target\":\"https:\/\/cntend.com.tr\/en\/?s={search_term_string}\",\"query-input\":\"required name=search_term_string\"}],\"inLanguage\":\"tr\"},{\"@type\":\"WebPage\",\"@id\":\"https:\/\/cntend.com.tr\/en\/hidrolik-sizdirmazlik-elemanlari\/piston-sizdirmazlik-elemanlari\/#webpage\",\"url\":\"https:\/\/cntend.com.tr\/en\/hidrolik-sizdirmazlik-elemanlari\/piston-sizdirmazlik-elemanlari\/\",\"name\":\"Piston S\\u0131zd\\u0131rmazl\\u0131k Elemanlar\\u0131 - CNT\",\"isPartOf\":{\"@id\":\"https:\/\/cntend.com.tr\/en\/#website\"},\"datePublished\":\"2019-11-10T10:14:07+00:00\",\"dateModified\":\"2019-12-15T13:00:13+00:00\",\"breadcrumb\":{\"@id\":\"https:\/\/cntend.com.tr\/en\/hidrolik-sizdirmazlik-elemanlari\/piston-sizdirmazlik-elemanlari\/#breadcrumb\"},\"inLanguage\":\"tr\",\"potentialAction\":[{\"@type\":\"ReadAction\",\"target\":[\"https:\/\/cntend.com.tr\/en\/hidrolik-sizdirmazlik-elemanlari\/piston-sizdirmazlik-elemanlari\/\"]}]},{\"@type\":\"BreadcrumbList\",\"@id\":\"https:\/\/cntend.com.tr\/en\/hidrolik-sizdirmazlik-elemanlari\/piston-sizdirmazlik-elemanlari\/#breadcrumb\",\"itemListElement\":[{\"@type\":\"ListItem\",\"position\":1,\"item\":{\"@type\":\"WebPage\",\"@id\":\"https:\/\/cntend.com.tr\/en\/\",\"url\":\"https:\/\/cntend.com.tr\/en\/\",\"name\":\"Ana sayfa\"}},{\"@type\":\"ListItem\",\"position\":2,\"item\":{\"@type\":\"WebPage\",\"@id\":\"https:\/\/cntend.com.tr\/en\/hidrolik-sizdirmazlik-elemanlari\/\",\"url\":\"https:\/\/cntend.com.tr\/en\/hidrolik-sizdirmazlik-elemanlari\/\",\"name\":\"H\\u0130DROL\\u0130K SIZDIRMAZLIK ELEMANLARI\"}},{\"@type\":\"ListItem\",\"position\":3,\"item\":{\"@id\":\"https:\/\/cntend.com.tr\/en\/hidrolik-sizdirmazlik-elemanlari\/piston-sizdirmazlik-elemanlari\/#webpage\"}}]}]}<\/script>\n<!-- \/ Yoast SEO plugin. -->","_links":{"self":[{"href":"https:\/\/cntend.com.tr\/en\/wp-json\/wp\/v2\/pages\/513"}],"collection":[{"href":"https:\/\/cntend.com.tr\/en\/wp-json\/wp\/v2\/pages"}],"about":[{"href":"https:\/\/cntend.com.tr\/en\/wp-json\/wp\/v2\/types\/page"}],"author":[{"embeddable":true,"href":"https:\/\/cntend.com.tr\/en\/wp-json\/wp\/v2\/users\/1"}],"replies":[{"embeddable":true,"href":"https:\/\/cntend.com.tr\/en\/wp-json\/wp\/v2\/comments?post=513"}],"version-history":[{"count":3,"href":"https:\/\/cntend.com.tr\/en\/wp-json\/wp\/v2\/pages\/513\/revisions"}],"predecessor-version":[{"id":928,"href":"https:\/\/cntend.com.tr\/en\/wp-json\/wp\/v2\/pages\/513\/revisions\/928"}],"up":[{"embeddable":true,"href":"https:\/\/cntend.com.tr\/en\/wp-json\/wp\/v2\/pages\/501"}],"wp:attachment":[{"href":"https:\/\/cntend.com.tr\/en\/wp-json\/wp\/v2\/media?parent=513"}],"curies":[{"name":"wp","href":"https:\/\/api.w.org\/{rel}","templated":true}]}}